{"id":9497,"date":"2026-03-31T19:28:24","date_gmt":"2026-03-31T17:28:24","guid":{"rendered":"https:\/\/www.architecture-communicante.fr\/actualites-des-salons\/"},"modified":"2026-03-31T20:35:47","modified_gmt":"2026-03-31T18:35:47","slug":"actualites-des-salons","status":"publish","type":"page","link":"https:\/\/www.architecture-communicante.fr\/en\/actualites-des-salons\/","title":{"rendered":"Fairs news"},"content":{"rendered":"\t\t<div data-elementor-type=\"wp-page\" data-elementor-id=\"9497\" class=\"elementor elementor-9497\" data-elementor-post-type=\"page\">\n\t\t\t\t<div class=\"elementor-element elementor-element-a46fc21 e-flex e-con-boxed e-con e-parent\" data-id=\"a46fc21\" data-element_type=\"container\" data-e-type=\"container\" data-settings=\"{&quot;background_background&quot;:&quot;classic&quot;}\">\n\t\t\t\t\t<div class=\"e-con-inner\">\n\t\t<div class=\"elementor-element elementor-element-f0bf57f e-con-full e-flex e-con e-child\" data-id=\"f0bf57f\" data-element_type=\"container\" data-e-type=\"container\">\n\t\t\t\t<div class=\"elementor-element elementor-element-63068d9 elementor-widget__width-initial elementor-invisible elementor-widget elementor-widget-heading\" data-id=\"63068d9\" data-element_type=\"widget\" data-e-type=\"widget\" data-settings=\"{&quot;_animation&quot;:&quot;fadeInUp&quot;}\" data-widget_type=\"heading.default\">\n\t\t\t\t<div class=\"elementor-widget-container\">\n\t\t\t\t\t<h1 class=\"elementor-heading-title elementor-size-default\">Our news on fairs<\/h1>\t\t\t\t<\/div>\n\t\t\t\t<\/div>\n\t\t\t\t<div class=\"elementor-element elementor-element-706d165 elementor-invisible elementor-widget elementor-widget-heading\" data-id=\"706d165\" data-element_type=\"widget\" data-e-type=\"widget\" data-settings=\"{&quot;_animation&quot;:&quot;fadeInUp&quot;,&quot;_animation_delay&quot;:150}\" data-widget_type=\"heading.default\">\n\t\t\t\t<div class=\"elementor-widget-container\">\n\t\t\t\t\t<h2 class=\"elementor-heading-title elementor-size-default\">Discover the latest trade shows and events in which L\u2019Architecture Communicante participates, in Paris, France and Europe.<\/h2>\t\t\t\t<\/div>\n\t\t\t\t<\/div>\n\t\t\t\t<div class=\"elementor-element elementor-element-e1c8a0e lirouge elementor-widget elementor-widget-text-editor\" data-id=\"e1c8a0e\" data-element_type=\"widget\" data-e-type=\"widget\" data-widget_type=\"text-editor.default\">\n\t\t\t\t<div class=\"elementor-widget-container\">\n\t\t\t\t\t\t\t\t\t<p>On this page, follow our custom-designed exhibition stands, event projects, and industry trends.<\/p><p>A source of inspiration for designing your future stands and brand experiences.<\/p>\t\t\t\t\t\t\t\t<\/div>\n\t\t\t\t<\/div>\n\t\t\t\t<\/div>\n\t\t\t\t\t<\/div>\n\t\t\t\t<\/div>\n\t\t<div class=\"elementor-element elementor-element-ecc6872 e-flex e-con-boxed e-con e-parent\" data-id=\"ecc6872\" data-element_type=\"container\" data-e-type=\"container\">\n\t\t\t\t\t<div class=\"e-con-inner\">\n\t\t\t\t<div class=\"elementor-element elementor-element-e24f381 elementor-widget elementor-widget-tp-blog-listout\" data-id=\"e24f381\" data-element_type=\"widget\" data-e-type=\"widget\" data-widget_type=\"tp-blog-listout.default\">\n\t\t\t\t<div class=\"elementor-widget-container\">\n\t\t\t\t\t<div id=\"pt-plus-blog-post-list\" class=\"blog-list post6a07bf8dcc26c  list-isotope  blog-style-2 hover-image-style-1 layout-style-1  \"  data-layout-type=\"fitRows\"   data-id=\"post6a07bf8dcc26c\" data-style=\"style-2\"   dir= data-enable-isotope=\"1\" filter-type = \"normal\"><div id=\"post6a07bf8dcc26c\" class=\"tp-row post-inner-loop post6a07bf8dcc26c text-left  \" data-extparam= '{\"loading-opt\":\"skeleton\",\"URL-para\":\"\"}'   data-wooAttr= '\"TDVOMk05a3VDRVFyUFc2L0pHQ3Bmby9ZMGFzb0ppVjRGbk1yRmdkcWhuL2ZtQ2VJVXRveUMyMkFBcUZKOS84d1NDbkxQVVVRWnNtbUhTZmxKaHlHNitocVFHY1dUd1dacU5hWUJvcTEvSlIrUE1wbG53SGtUZzFyeHNKbGhGbG45Ry9rcnpBUC9hRVJQYnBhcm1VeG5xUzlyWDgyLzh1M1l5cngvK2U4RWZqb05kVTVBY09UT0g2QVFaWklHYUJYQzVkVU0vcUdVazlBV3Y2Tm5GVWtkRE1MOXJrY01BaEFraDdSRzQ5OUpGU1Q0L3YydnNHNjE1VkQ2WDZOWWJ5SVd4cmwyR0FOTWlNbW1LVmM3NXYxb3Z1TkZtVWg3SFZ2VDVNamIzSGt3TEdnOEd2bzJ3MXR5emZ2YW5nazUwNmZFc2VwNTFjRlBrNDNZei9GbzZ4VkVPckVjMDlRYnZ3T0VKOFlmM3VmOEQ1OVpYWWh3NFcxN2VZb2tMRkNuazJGMDQyb1RCTGZXeE5EVDdaUVZIeUtDdlp5R1JmYXU1dXFRbEZ1VWlYWFk4c09jcmVGZ1hMMlh1SFZaRC9jcXlDRDRzM2NtUnlya2NKSXVYT1dyR05PcTc2UnlWR0c3ZUExWTJZYlNlL245Mkl1Q1dTWjF0UTJRTU1KZCtTU0pLMUpGSmhVVjFzRnlUdU5WNjRKZkpBWHVUbVZXVlEvMnZvTTFTL1dvVjB6TVRiYSsyaDdjUWY1NytKRmM3K2FRR0pSSGJJZ2R4QWxrOU9KMXdTcFdYckliMHg1QVhJYjBZRzVEdUk5Tml0V2VZWU5nSGJzd3BGaTdXaTFONjZzOGtKN2FGK2UzVzJGcjlrRXBQRVYxMkt4LytwYk1Vdy83cDhHZFFVVHBEQ1lvdWM1YjhQem5CRDRYUnhQV1diWWV6VjJGZ2djcXJ6T2dNam9QeERVZmEySWZoejVQd2FVVGJwNjYyM1ZTb1hoZEF4aFVCeDRkcGYyam1aVmlLZHVTNUd4UmVtdzVTM1NQRFNjT1MySURJUW1EaVNYM1E3aHV4SVNLQmdrZHhja0N5WDJGWXQrejhLVDJudUVmNTAyVkt6Y2lsZm0zaFMveHNONjN6RGtodWVDU0pYQmV3SmJsQ0w0UFBUZThmT09QZEdNS3QwQVdIQWdwY1lMcGk5WHZhSHZldHhDYzNxdkwxYXdHY0ZoZjgrTmhmSDQrYlMzeTAvZm1OemdRWjVRVHpFcWhMaUc5R3MvR1RnRmR2c3VmSjd0VTZ4eFVLTlJIam1rYVdyS1phN1dudTMvVSs2U2lHYUczMk1IdXFxN2F6VVhIVXJUTHl5UmZMN0F5cEI3WUQwcXJJeGg4RDJYblhzREhXaTQrNUY1Tm9GMS9MTVZsWmlDbEswdWt3OXdXUTJ6OFZZVUJkNkdKSGhBU3ZCWDdLU1J1QUEwQnNSMGtXNTR2OE5lYTFoRjR1S2NMLzcrRXJGRitPWU1lWnMwZDc4eUl0VXpPVGJSaVVUVGZqNngwOWpVWGpJdW9uNmN4ZlBvRTdpOWk0SFJGTjJqWVlSWFNUQ1RJV2dSRUttYWo5bHBzczJ1ZVM3YXg5TktuYkkyOHZYMC9yYTVaMTVDVzYxRFpJU1JNUTBqd1FXMmJTM21EektWbVRMYmVEeGtneVIvbHQzVG5CRUFYZHZCNW4xcDNEMEpiSFZxNEFUU1Q1aEN6YXpacVQ3aVBHVWtsR1ZjRVVkdUNjZys0QjYzQ1ZJVGFhMjNtT3loc3hmRGpTTWZPek95QkxQQnVIWnBucE5ra3RNNHlNeEJTcWFYVVdDSy9xa0JaT1o1MUc1VDl5QVVzK0hKdDhLalhQYlJLTGpaN2xIdXBhMGZQbGV6SkJWN0ZVNlY2aW9YaFRoSDhjQyt6Qi9nU0Q1VUZWS1dxUGk0OXc3cG5zQkh3R0locXB0Y2FIcXJVWHdmeGYwM2N2TkpZd1hCY2Fuc0ZxdFN0NWROQkRHaUdmdHJhdnBMSXg0NUpFamVsL3I4VFRNMk1SMkEvK3k2c0V4U1k2U0NGUllUQUxsYjlKWlF4Ry9SRjByRGc1UG9lZW5hVjdTblFsdzQzTlk1ZlhvcVU2VnVXVnJoYklTWGRHZWQ1d2Y4S1BnT09MUE42QWZNVXVPc3JrRGdOcjUwS3cwNzN1Z1RReVdTM1drR0NST0MwYUtJRldvQ25EMUFtSUdXeWJrbDdvMWdiTHNsZDBYQi93PT0=\"' ><div class=\"grid-item metro-item  tp-col-lg-6 tp-col-md-12 tp-col-sm-12 tp-col-12  \"><article id=\"post-9517\" class=\"post-9517 post type-post status-publish format-standard has-post-thumbnail hentry category-salons-en tag-agroalimentaire-en tag-architecture-communicante-en tag-boulangerie-en tag-europain-en tag-paris-en tag-patisserie-en tag-salon-en tag-stand-sur-mesure-en\">\r\n\t<div class=\"blog-list-content\">\r\n\t\t\t\t<div class=\"post-content-image\">\r\n\t\t\t<a href=\"https:\/\/www.architecture-communicante.fr\/en\/europain-2026-un-stand-sur-mesure-pour-valoriser-votre-savoir-faire-en-boulangerie-patisserie-artisanat-gourmand\/\">\r\n\t\t\t\t\t<div class=\"blog-featured-image \">\r\n\t<span class=\"thumb-wrap\">\r\n\t\t<img fetchpriority=\"high\" decoding=\"async\" width=\"768\" height=\"531\" src=\"https:\/\/www.architecture-communicante.fr\/wp-content\/uploads\/2026\/01\/Miniature-site-web-6.5x4.5-cm-15.png\" class=\"attachment-large size-large\" alt=\"\" srcset=\"https:\/\/www.architecture-communicante.fr\/wp-content\/uploads\/2026\/01\/Miniature-site-web-6.5x4.5-cm-15.png 768w, https:\/\/www.architecture-communicante.fr\/wp-content\/uploads\/2026\/01\/Miniature-site-web-6.5x4.5-cm-15-300x207.png 300w\" sizes=\"(max-width: 768px) 100vw, 768px\" \/>\t<\/span>\r\n\t<\/div>\r\n\t\t\t<\/a>\r\n\t\t\t\t\t<\/div>\r\n\t\t\t\t<div class=\"post-content-bottom\">\r\n\t\t\t\t\t\t\t<div class=\"post-metro-category-top\">\r\n\t\t\t\t\t<div class=\"post-category-list style-1\">\t\r\n\t<span><a href=\"https:\/\/www.architecture-communicante.fr\/en\/category\/salons-en\/\">Salons<\/a><\/span><\/div>\r\n\r\n\t\t\t\t<\/div>\r\n\t\t\t\t\t\t<div class=\"post-metro-content\">\r\n\t\t\t\t<h3 class=\"post-title\">\r\n\t<a href=\"https:\/\/www.architecture-communicante.fr\/en\/europain-2026-un-stand-sur-mesure-pour-valoriser-votre-savoir-faire-en-boulangerie-patisserie-artisanat-gourmand\/\" class=\"normal\">Europain 2026 \u2014 Un stand sur mesure pour valoriser votre savoir-faire en boulangerie, p\u00e2tisserie &#038; artisanat gourmand<\/a>\r\n<\/h3>\r\n\t\t\t\t\t\t\t\t\t<div class=\"post-hover-content\">\r\n\t\t\t\t\t\t<div class=\"entry-content\">\r\n\t<p>Europain : le salon de r\u00e9f\u00e9rence pour la boulangerie, la p\u00e2tisserie et l\u2019industrie du go\u00fbt L\u2019\u00e9dition Europain 2026, organis\u00e9e \u00e0 Paris Porte de Versailles, r\u00e9unira les professionnels de la...<\/p>\r\n<\/div>\r\n\t\t\t\t\t<\/div>\r\n\t\t\t\t\t\t\t\t\t\t\t\t\t<div class=\"post-meta-info style-1\"><span class=\"meta-date\"><a href=\"https:\/\/www.architecture-communicante.fr\/en\/europain-2026-un-stand-sur-mesure-pour-valoriser-votre-savoir-faire-en-boulangerie-patisserie-artisanat-gourmand\/\"><span class=\"entry-date\">31 March 2026<\/span><\/a><\/span>\r\n<\/div>\t\t\t\t\t\t\t<\/div>\r\n\t\t<\/div>\r\n\t\t\t\t\t<\/div>\r\n<\/article>\r\n<\/div><div class=\"grid-item metro-item  tp-col-lg-6 tp-col-md-12 tp-col-sm-12 tp-col-12  \"><article id=\"post-9518\" class=\"post-9518 post type-post status-publish format-standard has-post-thumbnail hentry category-salons-en tag-agroalimentaire-en tag-architecture-communicante-en tag-chr-en tag-food-en tag-lyon-en tag-restauration-en tag-salon-en tag-service-en tag-sirha-en tag-stand-sur-mesure-en\">\r\n\t<div class=\"blog-list-content\">\r\n\t\t\t\t<div class=\"post-content-image\">\r\n\t\t\t<a href=\"https:\/\/www.architecture-communicante.fr\/en\/sirha-2027-un-stand-sur-mesure-pour-valoriser-votre-savoir-faire-et-capter-lattention-des-professionnels-du-food-service\/\">\r\n\t\t\t\t\t<div class=\"blog-featured-image \">\r\n\t<span class=\"thumb-wrap\">\r\n\t\t<img decoding=\"async\" width=\"1024\" height=\"671\" src=\"https:\/\/www.architecture-communicante.fr\/wp-content\/uploads\/2026\/01\/sirha-lyon-2027-1024x671.webp\" class=\"attachment-large size-large\" alt=\"\" srcset=\"https:\/\/www.architecture-communicante.fr\/wp-content\/uploads\/2026\/01\/sirha-lyon-2027-1024x671.webp 1024w, https:\/\/www.architecture-communicante.fr\/wp-content\/uploads\/2026\/01\/sirha-lyon-2027-300x197.webp 300w, https:\/\/www.architecture-communicante.fr\/wp-content\/uploads\/2026\/01\/sirha-lyon-2027-768x504.webp 768w, https:\/\/www.architecture-communicante.fr\/wp-content\/uploads\/2026\/01\/sirha-lyon-2027.webp 1220w\" sizes=\"(max-width: 1024px) 100vw, 1024px\" \/>\t<\/span>\r\n\t<\/div>\r\n\t\t\t<\/a>\r\n\t\t\t\t\t<\/div>\r\n\t\t\t\t<div class=\"post-content-bottom\">\r\n\t\t\t\t\t\t\t<div class=\"post-metro-category-top\">\r\n\t\t\t\t\t<div class=\"post-category-list style-1\">\t\r\n\t<span><a href=\"https:\/\/www.architecture-communicante.fr\/en\/category\/salons-en\/\">Salons<\/a><\/span><\/div>\r\n\r\n\t\t\t\t<\/div>\r\n\t\t\t\t\t\t<div class=\"post-metro-content\">\r\n\t\t\t\t<h3 class=\"post-title\">\r\n\t<a href=\"https:\/\/www.architecture-communicante.fr\/en\/sirha-2027-un-stand-sur-mesure-pour-valoriser-votre-savoir-faire-et-capter-lattention-des-professionnels-du-food-service\/\" class=\"normal\">SIRHA 2027 \u2014 Un stand sur mesure pour valoriser votre savoir-faire et capter l\u2019attention des professionnels du food service<\/a>\r\n<\/h3>\r\n\t\t\t\t\t\t\t\t\t<div class=\"post-hover-content\">\r\n\t\t\t\t\t\t<div class=\"entry-content\">\r\n\t<p>SIRHA Lyon: le rendez-vous mondial de la restauration, de l\u2019h\u00f4tellerie &amp; de l\u2019alimentation &nbsp; Le SIRHA Lyon 2027 rassemblera une nouvelle fois l\u2019ensemble de l\u2019\u00e9cosyst\u00e8me du food service, de...<\/p>\r\n<\/div>\r\n\t\t\t\t\t<\/div>\r\n\t\t\t\t\t\t\t\t\t\t\t\t\t<div class=\"post-meta-info style-1\"><span class=\"meta-date\"><a href=\"https:\/\/www.architecture-communicante.fr\/en\/sirha-2027-un-stand-sur-mesure-pour-valoriser-votre-savoir-faire-et-capter-lattention-des-professionnels-du-food-service\/\"><span class=\"entry-date\">28 January 2026<\/span><\/a><\/span>\r\n<\/div>\t\t\t\t\t\t\t<\/div>\r\n\t\t<\/div>\r\n\t\t\t\t\t<\/div>\r\n<\/article>\r\n<\/div><div class=\"grid-item metro-item  tp-col-lg-6 tp-col-md-12 tp-col-sm-12 tp-col-12  \"><article id=\"post-9520\" class=\"post-9520 post type-post status-publish format-standard has-post-thumbnail hentry category-salons-en tag-architecture-de-stand-en tag-decoration-en tag-design-durable-en tag-design-interieur-en tag-lifestyle-en tag-maison-objet-en tag-salon-paris-en tag-stand-sur-mesure-en\">\r\n\t<div class=\"blog-list-content\">\r\n\t\t\t\t<div class=\"post-content-image\">\r\n\t\t\t<a href=\"https:\/\/www.architecture-communicante.fr\/en\/maison-objet-paris-2026-un-stand-sur-mesure-pour-sublimer-lart-de-vivre\/\">\r\n\t\t\t\t\t<div class=\"blog-featured-image \">\r\n\t<span class=\"thumb-wrap\">\r\n\t\t<img decoding=\"async\" width=\"1024\" height=\"538\" src=\"https:\/\/www.architecture-communicante.fr\/wp-content\/uploads\/2026\/01\/maison-et-objet.jpg\" class=\"attachment-large size-large\" alt=\"\" srcset=\"https:\/\/www.architecture-communicante.fr\/wp-content\/uploads\/2026\/01\/maison-et-objet.jpg 1024w, https:\/\/www.architecture-communicante.fr\/wp-content\/uploads\/2026\/01\/maison-et-objet-300x158.jpg 300w, https:\/\/www.architecture-communicante.fr\/wp-content\/uploads\/2026\/01\/maison-et-objet-768x404.jpg 768w\" sizes=\"(max-width: 1024px) 100vw, 1024px\" \/>\t<\/span>\r\n\t<\/div>\r\n\t\t\t<\/a>\r\n\t\t\t\t\t<\/div>\r\n\t\t\t\t<div class=\"post-content-bottom\">\r\n\t\t\t\t\t\t\t<div class=\"post-metro-category-top\">\r\n\t\t\t\t\t<div class=\"post-category-list style-1\">\t\r\n\t<span><a href=\"https:\/\/www.architecture-communicante.fr\/en\/category\/salons-en\/\">Salons<\/a><\/span><\/div>\r\n\r\n\t\t\t\t<\/div>\r\n\t\t\t\t\t\t<div class=\"post-metro-content\">\r\n\t\t\t\t<h3 class=\"post-title\">\r\n\t<a href=\"https:\/\/www.architecture-communicante.fr\/en\/maison-objet-paris-2026-un-stand-sur-mesure-pour-sublimer-lart-de-vivre\/\" class=\"normal\">Maison &#038; Objet Paris 2026 \u2014 Un stand sur mesure pour sublimer l\u2019art de vivre<\/a>\r\n<\/h3>\r\n\t\t\t\t\t\t\t\t\t<div class=\"post-hover-content\">\r\n\t\t\t\t\t\t<div class=\"entry-content\">\r\n\t<p>Maison &amp; Objet : l\u2019\u00e9v\u00e9nement international du design &amp; lifestyle Du 15 au 19 janvier 2026, Maison &amp; Objet revient au Parc des Expositions Paris Nord Villepinte, r\u00e9unissant la...<\/p>\r\n<\/div>\r\n\t\t\t\t\t<\/div>\r\n\t\t\t\t\t\t\t\t\t\t\t\t\t<div class=\"post-meta-info style-1\"><span class=\"meta-date\"><a href=\"https:\/\/www.architecture-communicante.fr\/en\/maison-objet-paris-2026-un-stand-sur-mesure-pour-sublimer-lart-de-vivre\/\"><span class=\"entry-date\">10 January 2026<\/span><\/a><\/span>\r\n<\/div>\t\t\t\t\t\t\t<\/div>\r\n\t\t<\/div>\r\n\t\t\t\t\t<\/div>\r\n<\/article>\r\n<\/div><\/div><\/div>\t\t\t\t<\/div>\n\t\t\t\t<\/div>\n\t\t\t\t\t<\/div>\n\t\t\t\t<\/div>\n\t\t\t\t<\/div>\n\t\t","protected":false},"excerpt":{"rendered":"<p>Our news on fairs Discover the latest trade shows and events in which L\u2019Architecture Communicante participates, in Paris, France and Europe. On this page, follow our custom-designed exhibition stands, event projects, and industry trends. A source of inspiration for designing your future stands and brand experiences. Posts not found<\/p>\n","protected":false},"author":1,"featured_media":0,"parent":0,"menu_order":0,"comment_status":"closed","ping_status":"closed","template":"elementor_header_footer","meta":{"inline_featured_image":false,"footnotes":""},"class_list":["post-9497","page","type-page","status-publish","hentry"],"yoast_head":"<!-- This site is optimized with the Yoast SEO Premium plugin v22.4 (Yoast SEO v27.3) - https:\/\/yoast.com\/product\/yoast-seo-premium-wordpress\/ -->\n<title>Actualit\u00e9s salons professionnels Paris | Stands &amp; \u00e9v\u00e9nements<\/title>\n<meta name=\"description\" content=\"D\u00e9couvrez les actualit\u00e9s des salons professionnels \u00e0 Paris et en Europe : stands sur-mesure, \u00e9v\u00e9nements et tendances en architecture \u00e9v\u00e9nementielle.\" \/>\n<meta name=\"robots\" content=\"index, follow, max-snippet:-1, max-image-preview:large, max-video-preview:-1\" \/>\n<link rel=\"canonical\" href=\"https:\/\/www.architecture-communicante.fr\/en\/actualites-des-salons\/\" \/>\n<meta property=\"og:locale\" content=\"en_US\" \/>\n<meta property=\"og:type\" content=\"article\" \/>\n<meta property=\"og:title\" content=\"Fairs news\" \/>\n<meta property=\"og:description\" content=\"D\u00e9couvrez les actualit\u00e9s des salons professionnels \u00e0 Paris et en Europe : stands sur-mesure, \u00e9v\u00e9nements et tendances en architecture \u00e9v\u00e9nementielle.\" \/>\n<meta property=\"og:url\" content=\"https:\/\/www.architecture-communicante.fr\/en\/actualites-des-salons\/\" \/>\n<meta property=\"og:site_name\" content=\"Architecture Communicante\" \/>\n<meta property=\"article:modified_time\" content=\"2026-03-31T18:35:47+00:00\" \/>\n<meta name=\"twitter:card\" content=\"summary_large_image\" \/>\n<meta name=\"twitter:label1\" content=\"Est. reading time\" \/>\n\t<meta name=\"twitter:data1\" content=\"1 minute\" \/>\n<script type=\"application\/ld+json\" class=\"yoast-schema-graph\">{\"@context\":\"https:\\\/\\\/schema.org\",\"@graph\":[{\"@type\":\"WebPage\",\"@id\":\"https:\\\/\\\/www.architecture-communicante.fr\\\/en\\\/actualites-des-salons\\\/\",\"url\":\"https:\\\/\\\/www.architecture-communicante.fr\\\/en\\\/actualites-des-salons\\\/\",\"name\":\"Actualit\u00e9s salons professionnels Paris | Stands & \u00e9v\u00e9nements\",\"isPartOf\":{\"@id\":\"https:\\\/\\\/www.architecture-communicante.fr\\\/#website\"},\"datePublished\":\"2026-03-31T17:28:24+00:00\",\"dateModified\":\"2026-03-31T18:35:47+00:00\",\"description\":\"D\u00e9couvrez les actualit\u00e9s des salons professionnels \u00e0 Paris et en Europe : stands sur-mesure, \u00e9v\u00e9nements et tendances en architecture \u00e9v\u00e9nementielle.\",\"breadcrumb\":{\"@id\":\"https:\\\/\\\/www.architecture-communicante.fr\\\/en\\\/actualites-des-salons\\\/#breadcrumb\"},\"inLanguage\":\"en-US\",\"potentialAction\":[{\"@type\":\"ReadAction\",\"target\":[\"https:\\\/\\\/www.architecture-communicante.fr\\\/en\\\/actualites-des-salons\\\/\"]}]},{\"@type\":\"BreadcrumbList\",\"@id\":\"https:\\\/\\\/www.architecture-communicante.fr\\\/en\\\/actualites-des-salons\\\/#breadcrumb\",\"itemListElement\":[{\"@type\":\"ListItem\",\"position\":1,\"name\":\"Accueil\",\"item\":\"https:\\\/\\\/www.architecture-communicante.fr\\\/en\\\/\"},{\"@type\":\"ListItem\",\"position\":2,\"name\":\"Fairs news\"}]},{\"@type\":\"WebSite\",\"@id\":\"https:\\\/\\\/www.architecture-communicante.fr\\\/#website\",\"url\":\"https:\\\/\\\/www.architecture-communicante.fr\\\/\",\"name\":\"Architecture Communicante\",\"description\":\"l Art et la Mani\u00e8re\",\"potentialAction\":[{\"@type\":\"SearchAction\",\"target\":{\"@type\":\"EntryPoint\",\"urlTemplate\":\"https:\\\/\\\/www.architecture-communicante.fr\\\/?s={search_term_string}\"},\"query-input\":{\"@type\":\"PropertyValueSpecification\",\"valueRequired\":true,\"valueName\":\"search_term_string\"}}],\"inLanguage\":\"en-US\"}]}<\/script>\n<!-- \/ Yoast SEO Premium plugin. -->","yoast_head_json":{"title":"Actualit\u00e9s salons professionnels Paris | Stands & \u00e9v\u00e9nements","description":"D\u00e9couvrez les actualit\u00e9s des salons professionnels \u00e0 Paris et en Europe : stands sur-mesure, \u00e9v\u00e9nements et tendances en architecture \u00e9v\u00e9nementielle.","robots":{"index":"index","follow":"follow","max-snippet":"max-snippet:-1","max-image-preview":"max-image-preview:large","max-video-preview":"max-video-preview:-1"},"canonical":"https:\/\/www.architecture-communicante.fr\/en\/actualites-des-salons\/","og_locale":"en_US","og_type":"article","og_title":"Fairs news","og_description":"D\u00e9couvrez les actualit\u00e9s des salons professionnels \u00e0 Paris et en Europe : stands sur-mesure, \u00e9v\u00e9nements et tendances en architecture \u00e9v\u00e9nementielle.","og_url":"https:\/\/www.architecture-communicante.fr\/en\/actualites-des-salons\/","og_site_name":"Architecture Communicante","article_modified_time":"2026-03-31T18:35:47+00:00","twitter_card":"summary_large_image","twitter_misc":{"Est. reading time":"1 minute"},"schema":{"@context":"https:\/\/schema.org","@graph":[{"@type":"WebPage","@id":"https:\/\/www.architecture-communicante.fr\/en\/actualites-des-salons\/","url":"https:\/\/www.architecture-communicante.fr\/en\/actualites-des-salons\/","name":"Actualit\u00e9s salons professionnels Paris | Stands & \u00e9v\u00e9nements","isPartOf":{"@id":"https:\/\/www.architecture-communicante.fr\/#website"},"datePublished":"2026-03-31T17:28:24+00:00","dateModified":"2026-03-31T18:35:47+00:00","description":"D\u00e9couvrez les actualit\u00e9s des salons professionnels \u00e0 Paris et en Europe : stands sur-mesure, \u00e9v\u00e9nements et tendances en architecture \u00e9v\u00e9nementielle.","breadcrumb":{"@id":"https:\/\/www.architecture-communicante.fr\/en\/actualites-des-salons\/#breadcrumb"},"inLanguage":"en-US","potentialAction":[{"@type":"ReadAction","target":["https:\/\/www.architecture-communicante.fr\/en\/actualites-des-salons\/"]}]},{"@type":"BreadcrumbList","@id":"https:\/\/www.architecture-communicante.fr\/en\/actualites-des-salons\/#breadcrumb","itemListElement":[{"@type":"ListItem","position":1,"name":"Accueil","item":"https:\/\/www.architecture-communicante.fr\/en\/"},{"@type":"ListItem","position":2,"name":"Fairs news"}]},{"@type":"WebSite","@id":"https:\/\/www.architecture-communicante.fr\/#website","url":"https:\/\/www.architecture-communicante.fr\/","name":"Architecture Communicante","description":"l Art et la Mani\u00e8re","potentialAction":[{"@type":"SearchAction","target":{"@type":"EntryPoint","urlTemplate":"https:\/\/www.architecture-communicante.fr\/?s={search_term_string}"},"query-input":{"@type":"PropertyValueSpecification","valueRequired":true,"valueName":"search_term_string"}}],"inLanguage":"en-US"}]}},"_links":{"self":[{"href":"https:\/\/www.architecture-communicante.fr\/en\/wp-json\/wp\/v2\/pages\/9497","targetHints":{"allow":["GET"]}}],"collection":[{"href":"https:\/\/www.architecture-communicante.fr\/en\/wp-json\/wp\/v2\/pages"}],"about":[{"href":"https:\/\/www.architecture-communicante.fr\/en\/wp-json\/wp\/v2\/types\/page"}],"author":[{"embeddable":true,"href":"https:\/\/www.architecture-communicante.fr\/en\/wp-json\/wp\/v2\/users\/1"}],"replies":[{"embeddable":true,"href":"https:\/\/www.architecture-communicante.fr\/en\/wp-json\/wp\/v2\/comments?post=9497"}],"version-history":[{"count":4,"href":"https:\/\/www.architecture-communicante.fr\/en\/wp-json\/wp\/v2\/pages\/9497\/revisions"}],"predecessor-version":[{"id":9511,"href":"https:\/\/www.architecture-communicante.fr\/en\/wp-json\/wp\/v2\/pages\/9497\/revisions\/9511"}],"wp:attachment":[{"href":"https:\/\/www.architecture-communicante.fr\/en\/wp-json\/wp\/v2\/media?parent=9497"}],"curies":[{"name":"wp","href":"https:\/\/api.w.org\/{rel}","templated":true}]}}